{"id":26,"date":"2020-05-03T21:58:45","date_gmt":"2020-05-03T21:58:45","guid":{"rendered":"http:\/\/www.demokratie50.de\/?page_id=26"},"modified":"2020-05-05T07:01:50","modified_gmt":"2020-05-05T07:01:50","slug":"startseite","status":"publish","type":"page","link":"https:\/\/www.demokratie50.de\/","title":{"rendered":"Startseite"},"content":{"rendered":"\n<h2 class=\"wp-block-heading\">Vorwort und Abgrenzung<\/h2>\n\n\n\n<p>Diese Seite bzw. die Utopie, die ich hier versuche, zu entwickeln, ist ausdr\u00fccklich kein Angriff auf unsere Verfassung oder die Grundrechte &#8211; siehe auch den Abschnitt &#8222;Der Rahmen f\u00fcr diese Utopie&#8220; weiter unten. Ebenso ist es ein unumst\u00f6\u00dfliches Ziel,  im Bezug auf Parteien und politische Richtungen wie Links, Rechts, Mitte und was es sonst noch so geben mag, neutral zu sein. Diese Utopie ist einzig interessiert an einer gerechteren und effizienteren Ausgestaltung der Demokratie. Sie hat entsprechend auch absolut rein gar nichts zu tun mit anderen Staatsformen wie Kommunismus oder Diktaturen.<\/p>\n\n\n\n<h2 class=\"wp-block-heading\">\u00dcber mich<\/h2>\n\n\n\n<p>In meinem Beruf als Informatiker bin ich permanent besch\u00e4ftigt mit der Optimierung von Abl\u00e4ufen, Prozessen und Strukturen. Dass sich f\u00fcr mich als politisch interessierten Menschen irgendwann die Synapsen dahingehend verkn\u00fcpfen, diese T\u00e4tigkeiten auch auf gesellschaftliche Themen anzuwenden, war wohl irgendwie &#8222;vorprogrammiert&#8220; \ud83d\ude09 und stellt f\u00fcr mich ein spannendes Experiment dar. <\/p>\n\n\n\n<h2 class=\"wp-block-heading\">Die Ausgangssituation<\/h2>\n\n\n\n<p>Die Welt entwickelt sich st\u00e4ndig in unglaublicher Geschwindigkeit weiter. Insbesondere der quasi ungebremste technische Fortschritt schafft immer mehr Fakten, denen die Politik in aller Regel nur noch hinter laufen kann. Das bisherige politische System ist offensichtlich zu tr\u00e4ge. Es ist gefangen in einer veralteten Struktur, die erdacht wurde, als die Welt von Internet &amp; Co noch nicht Mal zu tr\u00e4umen wagte.<\/p>\n\n\n\n<p>Diese ungleichen Geschwindigkeiten von Wirtschaft und Industrie auf der einen und politischen Diskussionen und Entscheidungsfindungen auf der anderen Seite f\u00fchren offensichtlich unweigerlich dazu, dass die Politik am Tropf der Wirtschaftslobby h\u00e4ngt. Dies verst\u00e4rkt wiederum den Effekt, dass es immer weniger gelingt, den Kapitalismus im Zaum zu halten. Zu viele Entscheidungen und Entwicklungen laufen komplett kontr\u00e4r zu den ureigensten Interessen der B\u00fcrger und dem Ziel des Erhalts unseres Planeten f\u00fcr sp\u00e4tere Generationen.<\/p>\n\n\n\n<h2 class=\"wp-block-heading\">Enter Demokratie 5.0<\/h2>\n\n\n\n<p>Tritt man einen Schritt zur\u00fcck und betrachtet das Geschehen mit etwas Abstand, kommt man unweigerlich zu der Schlussfolgerung, dass einzelne Gesetzesinitiativen kaum mehr als eine \u201eFlickschusterei\u201c darstellen. Dadurch, dass es \u2013 wie in der Ausgangssituation beschrieben &#8211; systemimmanent ist, dass die Politik mit dem Fortschritt nicht mehr mithalten kann, ist eine grundlegende Erneuerung erforderlich. Es erfordert nicht weniger als die Entwicklung einer Utopie, die allen Menschen und zuk\u00fcnftigen Generationen langfristig ein lebenswertes Leben erm\u00f6glicht. Dass dies mit der momentanen  Form gelingt, erscheint mir als sehr fraglich.<\/p>\n\n\n\n<h2 class=\"wp-block-heading\">Der Rahmen f\u00fcr die Utopie<\/h2>\n\n\n\n<p>Den Rahmen f\u00fcr die \u201eDemokratie 5.0\u201c-Utopie muss nat\u00fcrlich eine Organisationsform bilden, die dem eines Rechtsstaates entspricht, der zwingend die Grundrechte der Menschen beachtet und sch\u00fctzt, z.B. wie es die UN-Menschenrechtscharta oder das Grundgesetz der Bundesrepublik Deutschland definieren.<\/p>\n\n\n\n<h2 class=\"wp-block-heading\">Ziele der Utopie<\/h2>\n\n\n\n<p>Was komplett neu erdacht werden soll, ist die Organisation des Politikbetriebs, d.h. der Definition von inhaltlichen Zielsetzungen, von Entscheidungsabl\u00e4ufen, der Zu- und Aufteilung von politischen \u00c4mtern und nicht zuletzt auch der Kontrolle der handelnden Personen \u2013 was offensichtlich eine der ganz gro\u00dfen Schwachstellen des heutigen Systems darstellt.<\/p>\n\n\n\n<p>Hierzu ist es offensichtlich erforderlich, sich vom aktuellen System in vielen Punkten komplett loszul\u00f6sen und Dinge so von Grund auf neu zu denken, als h\u00e4tten wir als Zivilgesellschaft nochmal die M\u00f6glichkeit, von vorne zu beginnen.<\/p>\n\n\n\n<p>\u00dcbergeordnetes Ziel ist es dabei \u2013 vereinfacht ausgedr\u00fcckt- allen Menschen und zuk\u00fcnftigen Generationen langfristig ein lebenswertes, freies, im Grundsatz selbstbestimmtes Leben zu erm\u00f6glichen und die Menschheit vor Entwicklungen zu sch\u00fctzen, die diesem Ziel offensichtlich gegenl\u00e4ufig sind oder es gef\u00e4hrden.<\/p>\n\n\n\n<p>Im Speziellen soll Demokratie 5.0 die Politik wieder in die Lage versetzen, den demokratischen Willen effektiv umzusetzen. Dies muss auch die M\u00f6glichkeit beinhalten, auf unvorhergesehene Entwicklungen schnell reagieren und n\u00f6tigenfalls auch gezielte, vom demokratischen Willen getragene Kurs\u00e4nderungen vornehmen zu k\u00f6nnen.<\/p>\n\n\n\n<h2 class=\"wp-block-heading\">Wieso dieser Name?<\/h2>\n\n\n\n<p>Das neue System soll &#8211; angelehnt an die aktuell stattfindende 4. Industrielle Revolution &#8211; als \u201eDemokratie 5.0\u201c bezeichnet werden.<\/p>\n\n\n\n<p>Die um eins h\u00f6here Ziffer wurde bewusst gew\u00e4hlt um zu signalisieren, dass das neue System mit der Industriellen Revolution nicht nur Schritt halten, sondern ihr einen Schritt voraus sein soll.<\/p>\n\n\n\n<p><\/p>\n\n\n\n<h2 class=\"wp-block-heading\"><\/h2>\n<style>.pf-button.pf-button-excerpt { display: none; }<\/style>","protected":false},"excerpt":{"rendered":"<p>Vorwort und Abgrenzung Diese Seite bzw. die Utopie, die ich hier versuche, zu entwickeln, ist ausdr\u00fccklich kein Angriff auf unsere Verfassung oder die Grundrechte &#8211; siehe auch den Abschnitt &#8222;Der Rahmen f\u00fcr diese Utopie&#8220; weiter unten. Ebenso ist es ein unumst\u00f6\u00dfliches Ziel, im Bezug auf Parteien und politische Richtungen wie Links, Rechts, Mitte und was &hellip; <a href=\"https:\/\/www.demokratie50.de\/\" class=\"more-link\"><span class=\"screen-reader-text\">&#8222;Startseite&#8220; <\/span>weiterlesen<\/a><\/p>\n","protected":false},"author":1,"featured_media":0,"parent":0,"menu_order":0,"comment_status":"closed","ping_status":"closed","template":"","meta":{"footnotes":""},"_links":{"self":[{"href":"https:\/\/www.demokratie50.de\/index.php?rest_route=\/wp\/v2\/pages\/26"}],"collection":[{"href":"https:\/\/www.demokratie50.de\/index.php?rest_route=\/wp\/v2\/pages"}],"about":[{"href":"https:\/\/www.demokratie50.de\/index.php?rest_route=\/wp\/v2\/types\/page"}],"author":[{"embeddable":true,"href":"https:\/\/www.demokratie50.de\/index.php?rest_route=\/wp\/v2\/users\/1"}],"replies":[{"embeddable":true,"href":"https:\/\/www.demokratie50.de\/index.php?rest_route=%2Fwp%2Fv2%2Fcomments&post=26"}],"version-history":[{"count":10,"href":"https:\/\/www.demokratie50.de\/index.php?rest_route=\/wp\/v2\/pages\/26\/revisions"}],"predecessor-version":[{"id":65,"href":"https:\/\/www.demokratie50.de\/index.php?rest_route=\/wp\/v2\/pages\/26\/revisions\/65"}],"wp:attachment":[{"href":"https:\/\/www.demokratie50.de\/index.php?rest_route=%2Fwp%2Fv2%2Fmedia&parent=26"}],"curies":[{"name":"wp","href":"https:\/\/api.w.org\/{rel}","templated":true}]}}